{"id":55,"date":"2023-07-17T19:42:46","date_gmt":"2023-07-17T19:42:46","guid":{"rendered":"https:\/\/casa-allende.com.mx\/?page_id=55"},"modified":"2023-08-17T17:07:23","modified_gmt":"2023-08-17T17:07:23","slug":"sobre-nosotros","status":"publish","type":"page","link":"https:\/\/casa-allende.com.mx\/en\/sobre-nosotros\/","title":{"rendered":"About Us"},"content":{"rendered":"<div data-elementor-type=\"wp-page\" data-elementor-id=\"55\" class=\"elementor elementor-55\">\n\t\t\t\t\t\t<section class=\"elementor-section elementor-top-section elementor-element elementor-element-1689901 elementor-section-boxed elementor-section-height-default elementor-section-height-default\" data-id=\"1689901\" data-element_type=\"section\" data-e-type=\"section\" data-settings=\"{&quot;background_background&quot;:&quot;classic&quot;}\">\n\t\t\t\t\t\t\t<div class=\"elementor-background-overlay\"><\/div>\n\t\t\t\t\t\t\t<div class=\"elementor-container elementor-column-gap-default\">\n\t\t\t\t\t<div class=\"elementor-column elementor-col-100 elementor-top-column elementor-element elementor-element-5ecec15\" data-id=\"5ecec15\" data-element_type=\"column\" data-e-type=\"column\">\n\t\t\t<div class=\"elementor-widget-wrap elementor-element-populated\">\n\t\t\t\t\t\t<div class=\"elementor-element elementor-element-0de0ef2 elementor-widget elementor-widget-heading\" data-id=\"0de0ef2\" data-element_type=\"widget\" data-e-type=\"widget\" data-widget_type=\"heading.default\">\n\t\t\t\t<div class=\"elementor-widget-container\">\n\t\t\t\t\t<h2 class=\"elementor-heading-title elementor-size-default\">About Us<\/h2>\t\t\t\t<\/div>\n\t\t\t\t<\/div>\n\t\t\t\t<div class=\"elementor-element elementor-element-57b4076 elementor-icon-list--layout-inline elementor-align-center elementor-list-item-link-full_width elementor-widget elementor-widget-icon-list\" data-id=\"57b4076\" data-element_type=\"widget\" data-e-type=\"widget\" data-widget_type=\"icon-list.default\">\n\t\t\t\t<div class=\"elementor-widget-container\">\n\t\t\t\t\t\t\t<ul class=\"elementor-icon-list-items elementor-inline-items\">\n\t\t\t\t\t\t\t<li class=\"elementor-icon-list-item elementor-inline-item\">\n\t\t\t\t\t\t\t\t\t\t<span class=\"elementor-icon-list-text\">Home<\/span>\n\t\t\t\t\t\t\t\t\t<\/li>\n\t\t\t\t\t\t\t\t<li class=\"elementor-icon-list-item elementor-inline-item\">\n\t\t\t\t\t\t\t\t\t\t\t<span class=\"elementor-icon-list-icon\">\n\t\t\t\t\t\t\t<i aria-hidden=\"true\" class=\"fas fa-angle-double-right\"><\/i>\t\t\t\t\t\t<\/span>\n\t\t\t\t\t\t\t\t\t\t<span class=\"elementor-icon-list-text\">About Us<\/span>\n\t\t\t\t\t\t\t\t\t<\/li>\n\t\t\t\t\t\t<\/ul>\n\t\t\t\t\t\t<\/div>\n\t\t\t\t<\/div>\n\t\t\t\t\t<\/div>\n\t\t<\/div>\n\t\t\t\t\t<\/div>\n\t\t<\/section>\n\t\t\t\t<section class=\"elementor-section elementor-top-section elementor-element elementor-element-6dfbe3b2 elementor-section-full_width elementor-section-height-default elementor-section-height-default\" data-id=\"6dfbe3b2\" data-element_type=\"section\" data-e-type=\"section\">\n\t\t\t\t\t\t<div class=\"elementor-container elementor-column-gap-default\">\n\t\t\t\t\t<div class=\"elementor-column elementor-col-33 elementor-top-column elementor-element elementor-element-49ecab21\" data-id=\"49ecab21\" data-element_type=\"column\" data-e-type=\"column\">\n\t\t\t<div class=\"elementor-widget-wrap elementor-element-populated\">\n\t\t\t\t\t\t<div class=\"elementor-element elementor-element-3db10bd3 elementor-widget__width-initial elementor-widget elementor-widget-image\" data-id=\"3db10bd3\" data-element_type=\"widget\" data-e-type=\"widget\" data-widget_type=\"image.default\">\n\t\t\t\t<div class=\"elementor-widget-container\">\n\t\t\t\t\t\t\t\t\t\t\t\t\t\t\t<img fetchpriority=\"high\" decoding=\"async\" width=\"683\" height=\"1024\" src=\"https:\/\/casa-allende.com.mx\/wp-content\/uploads\/2023\/07\/AdobeStock_319915935-scaled-e1689636658499-683x1024.jpeg\" class=\"attachment-large size-large wp-image-44\" alt=\"imagen Tepoztl\u00e1n tepozteco\" srcset=\"https:\/\/casa-allende.com.mx\/wp-content\/uploads\/2023\/07\/AdobeStock_319915935-scaled-e1689636658499-683x1024.jpeg 683w, https:\/\/casa-allende.com.mx\/wp-content\/uploads\/2023\/07\/AdobeStock_319915935-scaled-e1689636658499-200x300.jpeg 200w, https:\/\/casa-allende.com.mx\/wp-content\/uploads\/2023\/07\/AdobeStock_319915935-scaled-e1689636658499-768x1152.jpeg 768w, https:\/\/casa-allende.com.mx\/wp-content\/uploads\/2023\/07\/AdobeStock_319915935-scaled-e1689636658499-1024x1536.jpeg 1024w, https:\/\/casa-allende.com.mx\/wp-content\/uploads\/2023\/07\/AdobeStock_319915935-scaled-e1689636658499-8x12.jpeg 8w, https:\/\/casa-allende.com.mx\/wp-content\/uploads\/2023\/07\/AdobeStock_319915935-scaled-e1689636658499.jpeg 1139w\" sizes=\"(max-width: 683px) 100vw, 683px\" \/>\t\t\t\t\t\t\t\t\t\t\t\t\t\t\t<\/div>\n\t\t\t\t<\/div>\n\t\t\t\t\t<\/div>\n\t\t<\/div>\n\t\t\t\t<div class=\"elementor-column elementor-col-33 elementor-top-column elementor-element elementor-element-351a533f\" data-id=\"351a533f\" data-element_type=\"column\" data-e-type=\"column\">\n\t\t\t<div class=\"elementor-widget-wrap elementor-element-populated\">\n\t\t\t\t\t\t<div class=\"elementor-element elementor-element-4aaac004 elementor-widget__width-inherit elementor-widget elementor-widget-image\" data-id=\"4aaac004\" data-element_type=\"widget\" data-e-type=\"widget\" data-widget_type=\"image.default\">\n\t\t\t\t<div class=\"elementor-widget-container\">\n\t\t\t\t\t\t\t\t\t\t\t\t\t\t\t<img decoding=\"async\" width=\"441\" height=\"661\" src=\"https:\/\/casa-allende.com.mx\/wp-content\/uploads\/2023\/07\/AdobeStock_217091020_Preview-e1689636566640.jpeg\" class=\"attachment-1536x1536 size-1536x1536 wp-image-46\" alt=\"imagen ch\u00ednelos Tepoztl\u00e1n\" srcset=\"https:\/\/casa-allende.com.mx\/wp-content\/uploads\/2023\/07\/AdobeStock_217091020_Preview-e1689636566640.jpeg 441w, https:\/\/casa-allende.com.mx\/wp-content\/uploads\/2023\/07\/AdobeStock_217091020_Preview-e1689636566640-200x300.jpeg 200w, https:\/\/casa-allende.com.mx\/wp-content\/uploads\/2023\/07\/AdobeStock_217091020_Preview-e1689636566640-8x12.jpeg 8w\" sizes=\"(max-width: 441px) 100vw, 441px\" \/>\t\t\t\t\t\t\t\t\t\t\t\t\t\t\t<\/div>\n\t\t\t\t<\/div>\n\t\t\t\t\t<\/div>\n\t\t<\/div>\n\t\t\t\t<div class=\"elementor-column elementor-col-33 elementor-top-column elementor-element elementor-element-3bbe5aa5\" data-id=\"3bbe5aa5\" data-element_type=\"column\" data-e-type=\"column\">\n\t\t\t<div class=\"elementor-widget-wrap elementor-element-populated\">\n\t\t\t\t\t\t<div class=\"elementor-element elementor-element-54d20dfa elementor-widget elementor-widget-heading\" data-id=\"54d20dfa\" data-element_type=\"widget\" data-e-type=\"widget\" data-widget_type=\"heading.default\">\n\t\t\t\t<div class=\"elementor-widget-container\">\n\t\t\t\t\t<h2 class=\"elementor-heading-title elementor-size-default\">Allende House<\/h2>\t\t\t\t<\/div>\n\t\t\t\t<\/div>\n\t\t\t\t<div class=\"elementor-element elementor-element-48db4dee elementor-widget elementor-widget-text-editor\" data-id=\"48db4dee\" data-element_type=\"widget\" data-e-type=\"widget\" data-widget_type=\"text-editor.default\">\n\t\t\t\t<div class=\"elementor-widget-container\">\n\t\t\t\t\t\t\t\t\t<p>We welcome you to our tranquil retreat in Tepoztl\u00e1n! Located in a serene area surrounded by nature, our lodge is designed to provide you with the perfect getaway. Every corner of our space has been carefully created to offer an experience of peace and serenity. We pride ourselves in providing a stay that embraces the calm of nature and the authenticity of this beautiful region. Join us to unwind and recharge in an environment that celebrates tranquility.<\/p>\t\t\t\t\t\t\t\t<\/div>\n\t\t\t\t<\/div>\n\t\t\t\t\t<\/div>\n\t\t<\/div>\n\t\t\t\t\t<\/div>\n\t\t<\/section>\n\t\t\t\t<\/div>","protected":false},"excerpt":{"rendered":"<p>Sobre Nosotros Inicio Sobre Nosotros Casa Allende Te damos la bienvenida a nuestro retiro tranquilo en Tepoztl\u00e1n! Ubicado en una zona serena y rodeado de naturaleza, nuestro hospedaje est\u00e1 dise\u00f1ado para brindarte la escapada perfecta. Cada rinc\u00f3n de nuestro espacio ha sido cuidadosamente creado para ofrecer una experiencia de paz y serenidad. Nos enorgullecemos de &hellip;<\/p>\n<p class=\"read-more\"> <a class=\"\" href=\"https:\/\/casa-allende.com.mx\/en\/sobre-nosotros\/\"> <span class=\"screen-reader-text\">About Us<\/span> Read More &raquo;<\/a><\/p>","protected":false},"author":1,"featured_media":0,"parent":0,"menu_order":0,"comment_status":"closed","ping_status":"closed","template":"","meta":{"site-sidebar-layout":"no-sidebar","site-content-layout":"page-builder","ast-global-header-display":"","ast-banner-title-visibility":"","ast-main-header-display":"","ast-hfb-above-header-display":"","ast-hfb-below-header-display":"","ast-hfb-mobile-header-display":"","site-post-title":"disabled","ast-breadcrumbs-content":"","ast-featured-img":"disabled","footer-sml-layout":"","theme-transparent-header-meta":"","adv-header-id-meta":"","stick-header-meta":"","header-above-stick-meta":"","header-main-stick-meta":"","header-below-stick-meta":"","footnotes":""},"class_list":["post-55","page","type-page","status-publish","hentry"],"_links":{"self":[{"href":"https:\/\/casa-allende.com.mx\/en\/wp-json\/wp\/v2\/pages\/55","targetHints":{"allow":["GET"]}}],"collection":[{"href":"https:\/\/casa-allende.com.mx\/en\/wp-json\/wp\/v2\/pages"}],"about":[{"href":"https:\/\/casa-allende.com.mx\/en\/wp-json\/wp\/v2\/types\/page"}],"author":[{"embeddable":true,"href":"https:\/\/casa-allende.com.mx\/en\/wp-json\/wp\/v2\/users\/1"}],"replies":[{"embeddable":true,"href":"https:\/\/casa-allende.com.mx\/en\/wp-json\/wp\/v2\/comments?post=55"}],"version-history":[{"count":10,"href":"https:\/\/casa-allende.com.mx\/en\/wp-json\/wp\/v2\/pages\/55\/revisions"}],"predecessor-version":[{"id":393,"href":"https:\/\/casa-allende.com.mx\/en\/wp-json\/wp\/v2\/pages\/55\/revisions\/393"}],"wp:attachment":[{"href":"https:\/\/casa-allende.com.mx\/en\/wp-json\/wp\/v2\/media?parent=55"}],"curies":[{"name":"wp","href":"https:\/\/api.w.org\/{rel}","templated":true}]}}